{"id":97,"date":"2020-11-06T19:43:58","date_gmt":"2020-11-06T19:43:58","guid":{"rendered":"https:\/\/sps-wila-turbenthal.ch.genti.ch\/?page_id=97"},"modified":"2025-06-07T12:06:56","modified_gmt":"2025-06-07T12:06:56","slug":"unser-nachwuchs","status":"publish","type":"page","link":"https:\/\/sps-wila-turbenthal.ch\/?page_id=97","title":{"rendered":"Unser Nachwuchs"},"content":{"rendered":"\n<div class=\"wp-block-jetpack-tiled-gallery aligncenter is-style-rectangular\"><div class=\"\"><div class=\"tiled-gallery__gallery\"><div class=\"tiled-gallery__row\"><div class=\"tiled-gallery__col\" style=\"flex-basis:17.02206%\"><figure class=\"tiled-gallery__item\"><img decoding=\"async\" srcset=\"https:\/\/i0.wp.com\/sps-wila-turbenthal.ch\/wp-content\/uploads\/2022\/06\/20250607_114025-462x1024.jpg?strip=info&#038;w=600&#038;ssl=1 600w,https:\/\/i0.wp.com\/sps-wila-turbenthal.ch\/wp-content\/uploads\/2022\/06\/20250607_114025-462x1024.jpg?strip=info&#038;w=900&#038;ssl=1 900w,https:\/\/i0.wp.com\/sps-wila-turbenthal.ch\/wp-content\/uploads\/2022\/06\/20250607_114025-462x1024.jpg?strip=info&#038;w=1154&#038;ssl=1 1154w\" alt=\"\" data-height=\"2560\" data-id=\"533\" data-link=\"https:\/\/sps-wila-turbenthal.ch\/?attachment_id=533\" data-url=\"https:\/\/sps-wila-turbenthal.ch\/wp-content\/uploads\/2022\/06\/20250607_114025-462x1024.jpg\" data-width=\"1154\" src=\"https:\/\/i0.wp.com\/sps-wila-turbenthal.ch\/wp-content\/uploads\/2022\/06\/20250607_114025-462x1024.jpg?ssl=1\" data-amp-layout=\"responsive\" tabindex=\"0\" role=\"button\" aria-label=\"Bild\u00a01 von 5 im Vollbildmodus \u00f6ffnen\"\/><\/figure><\/div><div class=\"tiled-gallery__col\" style=\"flex-basis:82.97794%\"><figure class=\"tiled-gallery__item\"><img decoding=\"async\" srcset=\"https:\/\/i0.wp.com\/sps-wila-turbenthal.ch\/wp-content\/uploads\/2022\/06\/20250607_114233-1024x462.jpg?strip=info&#038;w=600&#038;ssl=1 600w,https:\/\/i0.wp.com\/sps-wila-turbenthal.ch\/wp-content\/uploads\/2022\/06\/20250607_114233-1024x462.jpg?strip=info&#038;w=900&#038;ssl=1 900w,https:\/\/i0.wp.com\/sps-wila-turbenthal.ch\/wp-content\/uploads\/2022\/06\/20250607_114233-1024x462.jpg?strip=info&#038;w=1200&#038;ssl=1 1200w,https:\/\/i0.wp.com\/sps-wila-turbenthal.ch\/wp-content\/uploads\/2022\/06\/20250607_114233-1024x462.jpg?strip=info&#038;w=1500&#038;ssl=1 1500w,https:\/\/i0.wp.com\/sps-wila-turbenthal.ch\/wp-content\/uploads\/2022\/06\/20250607_114233-1024x462.jpg?strip=info&#038;w=1800&#038;ssl=1 1800w,https:\/\/i0.wp.com\/sps-wila-turbenthal.ch\/wp-content\/uploads\/2022\/06\/20250607_114233-1024x462.jpg?strip=info&#038;w=2000&#038;ssl=1 2000w\" alt=\"\" data-height=\"1154\" data-id=\"532\" data-link=\"https:\/\/sps-wila-turbenthal.ch\/?attachment_id=532\" data-url=\"https:\/\/sps-wila-turbenthal.ch\/wp-content\/uploads\/2022\/06\/20250607_114233-1024x462.jpg\" data-width=\"2560\" src=\"https:\/\/i0.wp.com\/sps-wila-turbenthal.ch\/wp-content\/uploads\/2022\/06\/20250607_114233-1024x462.jpg?ssl=1\" data-amp-layout=\"responsive\" tabindex=\"0\" role=\"button\" aria-label=\"Bild\u00a02 von 5 im Vollbildmodus \u00f6ffnen\"\/><\/figure><\/div><\/div><div class=\"tiled-gallery__row\"><div class=\"tiled-gallery__col\" style=\"flex-basis:100.00000%\"><figure class=\"tiled-gallery__item\"><img decoding=\"async\" srcset=\"https:\/\/i0.wp.com\/sps-wila-turbenthal.ch\/wp-content\/uploads\/2022\/06\/20250607_113739-1024x462.jpg?strip=info&#038;w=600&#038;ssl=1 600w,https:\/\/i0.wp.com\/sps-wila-turbenthal.ch\/wp-content\/uploads\/2022\/06\/20250607_113739-1024x462.jpg?strip=info&#038;w=900&#038;ssl=1 900w,https:\/\/i0.wp.com\/sps-wila-turbenthal.ch\/wp-content\/uploads\/2022\/06\/20250607_113739-1024x462.jpg?strip=info&#038;w=1200&#038;ssl=1 1200w,https:\/\/i0.wp.com\/sps-wila-turbenthal.ch\/wp-content\/uploads\/2022\/06\/20250607_113739-1024x462.jpg?strip=info&#038;w=1500&#038;ssl=1 1500w,https:\/\/i0.wp.com\/sps-wila-turbenthal.ch\/wp-content\/uploads\/2022\/06\/20250607_113739-1024x462.jpg?strip=info&#038;w=1800&#038;ssl=1 1800w,https:\/\/i0.wp.com\/sps-wila-turbenthal.ch\/wp-content\/uploads\/2022\/06\/20250607_113739-1024x462.jpg?strip=info&#038;w=2000&#038;ssl=1 2000w\" alt=\"\" data-height=\"1154\" data-id=\"531\" data-link=\"https:\/\/sps-wila-turbenthal.ch\/?attachment_id=531\" data-url=\"https:\/\/sps-wila-turbenthal.ch\/wp-content\/uploads\/2022\/06\/20250607_113739-1024x462.jpg\" data-width=\"2560\" src=\"https:\/\/i0.wp.com\/sps-wila-turbenthal.ch\/wp-content\/uploads\/2022\/06\/20250607_113739-1024x462.jpg?ssl=1\" data-amp-layout=\"responsive\" tabindex=\"0\" role=\"button\" aria-label=\"Bild\u00a03 von 5 im Vollbildmodus \u00f6ffnen\"\/><\/figure><\/div><\/div><div class=\"tiled-gallery__row\"><div class=\"tiled-gallery__col\" style=\"flex-basis:100.00000%\"><figure class=\"tiled-gallery__item\"><img decoding=\"async\" srcset=\"https:\/\/i0.wp.com\/sps-wila-turbenthal.ch\/wp-content\/uploads\/2022\/06\/20250607_113559-1024x462.jpg?strip=info&#038;w=600&#038;ssl=1 600w,https:\/\/i0.wp.com\/sps-wila-turbenthal.ch\/wp-content\/uploads\/2022\/06\/20250607_113559-1024x462.jpg?strip=info&#038;w=900&#038;ssl=1 900w,https:\/\/i0.wp.com\/sps-wila-turbenthal.ch\/wp-content\/uploads\/2022\/06\/20250607_113559-1024x462.jpg?strip=info&#038;w=1200&#038;ssl=1 1200w,https:\/\/i0.wp.com\/sps-wila-turbenthal.ch\/wp-content\/uploads\/2022\/06\/20250607_113559-1024x462.jpg?strip=info&#038;w=1500&#038;ssl=1 1500w,https:\/\/i0.wp.com\/sps-wila-turbenthal.ch\/wp-content\/uploads\/2022\/06\/20250607_113559-1024x462.jpg?strip=info&#038;w=1800&#038;ssl=1 1800w,https:\/\/i0.wp.com\/sps-wila-turbenthal.ch\/wp-content\/uploads\/2022\/06\/20250607_113559-1024x462.jpg?strip=info&#038;w=2000&#038;ssl=1 2000w\" alt=\"\" data-height=\"1154\" data-id=\"530\" data-link=\"https:\/\/sps-wila-turbenthal.ch\/?attachment_id=530\" data-url=\"https:\/\/sps-wila-turbenthal.ch\/wp-content\/uploads\/2022\/06\/20250607_113559-1024x462.jpg\" data-width=\"2560\" src=\"https:\/\/i0.wp.com\/sps-wila-turbenthal.ch\/wp-content\/uploads\/2022\/06\/20250607_113559-1024x462.jpg?ssl=1\" data-amp-layout=\"responsive\" tabindex=\"0\" role=\"button\" aria-label=\"Bild\u00a04 von 5 im Vollbildmodus \u00f6ffnen\"\/><\/figure><\/div><\/div><div class=\"tiled-gallery__row\"><div class=\"tiled-gallery__col\" style=\"flex-basis:100.00000%\"><figure class=\"tiled-gallery__item\"><img decoding=\"async\" srcset=\"https:\/\/i0.wp.com\/sps-wila-turbenthal.ch\/wp-content\/uploads\/2022\/06\/20250607_113417-1024x462.jpg?strip=info&#038;w=600&#038;ssl=1 600w,https:\/\/i0.wp.com\/sps-wila-turbenthal.ch\/wp-content\/uploads\/2022\/06\/20250607_113417-1024x462.jpg?strip=info&#038;w=900&#038;ssl=1 900w,https:\/\/i0.wp.com\/sps-wila-turbenthal.ch\/wp-content\/uploads\/2022\/06\/20250607_113417-1024x462.jpg?strip=info&#038;w=1200&#038;ssl=1 1200w,https:\/\/i0.wp.com\/sps-wila-turbenthal.ch\/wp-content\/uploads\/2022\/06\/20250607_113417-1024x462.jpg?strip=info&#038;w=1500&#038;ssl=1 1500w,https:\/\/i0.wp.com\/sps-wila-turbenthal.ch\/wp-content\/uploads\/2022\/06\/20250607_113417-1024x462.jpg?strip=info&#038;w=1800&#038;ssl=1 1800w,https:\/\/i0.wp.com\/sps-wila-turbenthal.ch\/wp-content\/uploads\/2022\/06\/20250607_113417-1024x462.jpg?strip=info&#038;w=2000&#038;ssl=1 2000w\" alt=\"\" data-height=\"1154\" data-id=\"529\" data-link=\"https:\/\/sps-wila-turbenthal.ch\/?attachment_id=529\" data-url=\"https:\/\/sps-wila-turbenthal.ch\/wp-content\/uploads\/2022\/06\/20250607_113417-1024x462.jpg\" data-width=\"2560\" src=\"https:\/\/i0.wp.com\/sps-wila-turbenthal.ch\/wp-content\/uploads\/2022\/06\/20250607_113417-1024x462.jpg?ssl=1\" data-amp-layout=\"responsive\" tabindex=\"0\" role=\"button\" aria-label=\"Bild\u00a05 von 5 im Vollbildmodus \u00f6ffnen\"\/><\/figure><\/div><\/div><\/div><\/div><\/div>\n\n\n\n<figure class=\"wp-block-gallery has-nested-images columns-default is-cropped wp-block-gallery-1 is-layout-flex wp-block-gallery-is-layout-flex\">\n<figure class=\"wp-block-image size-large\"><img loading=\"lazy\" decoding=\"async\" width=\"1024\" height=\"539\" data-id=\"510\" src=\"https:\/\/sps-wila-turbenthal.ch\/wp-content\/uploads\/2025\/02\/ZHSV-GM-2025_G10-K_Junioren_Sieger-1.jpg\" alt=\"\" class=\"wp-image-510\" srcset=\"https:\/\/sps-wila-turbenthal.ch\/wp-content\/uploads\/2025\/02\/ZHSV-GM-2025_G10-K_Junioren_Sieger-1.jpg 1024w, https:\/\/sps-wila-turbenthal.ch\/wp-content\/uploads\/2025\/02\/ZHSV-GM-2025_G10-K_Junioren_Sieger-1-300x158.jpg 300w, https:\/\/sps-wila-turbenthal.ch\/wp-content\/uploads\/2025\/02\/ZHSV-GM-2025_G10-K_Junioren_Sieger-1-768x404.jpg 768w\" sizes=\"auto, (max-width: 767px) 89vw, (max-width: 1000px) 54vw, (max-width: 1071px) 543px, 580px\" \/><\/figure>\n\n\n\n<figure class=\"wp-block-image size-large\"><img loading=\"lazy\" decoding=\"async\" width=\"1024\" height=\"683\" data-id=\"511\" src=\"https:\/\/sps-wila-turbenthal.ch\/wp-content\/uploads\/2025\/02\/kniendmeisterschaft-24-1-1024x683.jpg\" alt=\"\" class=\"wp-image-511\" srcset=\"https:\/\/sps-wila-turbenthal.ch\/wp-content\/uploads\/2025\/02\/kniendmeisterschaft-24-1-1024x683.jpg 1024w, https:\/\/sps-wila-turbenthal.ch\/wp-content\/uploads\/2025\/02\/kniendmeisterschaft-24-1-300x200.jpg 300w, https:\/\/sps-wila-turbenthal.ch\/wp-content\/uploads\/2025\/02\/kniendmeisterschaft-24-1-768x512.jpg 768w, https:\/\/sps-wila-turbenthal.ch\/wp-content\/uploads\/2025\/02\/kniendmeisterschaft-24-1-1536x1024.jpg 1536w, https:\/\/sps-wila-turbenthal.ch\/wp-content\/uploads\/2025\/02\/kniendmeisterschaft-24-1.jpg 1920w\" sizes=\"auto, (max-width: 767px) 89vw, (max-width: 1000px) 54vw, (max-width: 1071px) 543px, 580px\" \/><\/figure>\n\n\n\n<figure class=\"wp-block-image size-large\"><img loading=\"lazy\" decoding=\"async\" width=\"1024\" height=\"683\" data-id=\"512\" src=\"https:\/\/sps-wila-turbenthal.ch\/wp-content\/uploads\/2025\/02\/kniendmeisterschaft-25-1-1024x683.jpg\" alt=\"\" class=\"wp-image-512\" srcset=\"https:\/\/sps-wila-turbenthal.ch\/wp-content\/uploads\/2025\/02\/kniendmeisterschaft-25-1-1024x683.jpg 1024w, https:\/\/sps-wila-turbenthal.ch\/wp-content\/uploads\/2025\/02\/kniendmeisterschaft-25-1-300x200.jpg 300w, https:\/\/sps-wila-turbenthal.ch\/wp-content\/uploads\/2025\/02\/kniendmeisterschaft-25-1-768x512.jpg 768w, https:\/\/sps-wila-turbenthal.ch\/wp-content\/uploads\/2025\/02\/kniendmeisterschaft-25-1-1536x1024.jpg 1536w, https:\/\/sps-wila-turbenthal.ch\/wp-content\/uploads\/2025\/02\/kniendmeisterschaft-25-1.jpg 1920w\" sizes=\"auto, (max-width: 767px) 89vw, (max-width: 1000px) 54vw, (max-width: 1071px) 543px, 580px\" \/><\/figure>\n<\/figure>\n\n\n\n<figure class=\"wp-block-gallery has-nested-images columns-default is-cropped wp-block-gallery-2 is-layout-flex wp-block-gallery-is-layout-flex\">\n<figure class=\"wp-block-image size-large\"><img loading=\"lazy\" decoding=\"async\" width=\"1024\" height=\"768\" data-id=\"416\" src=\"https:\/\/sps-wila-turbenthal.ch\/wp-content\/uploads\/2024\/03\/IMG-20240316-WA0007-1024x768.jpg\" alt=\"\" class=\"wp-image-416\" srcset=\"https:\/\/sps-wila-turbenthal.ch\/wp-content\/uploads\/2024\/03\/IMG-20240316-WA0007-1024x768.jpg 1024w, https:\/\/sps-wila-turbenthal.ch\/wp-content\/uploads\/2024\/03\/IMG-20240316-WA0007-300x225.jpg 300w, https:\/\/sps-wila-turbenthal.ch\/wp-content\/uploads\/2024\/03\/IMG-20240316-WA0007-768x576.jpg 768w, https:\/\/sps-wila-turbenthal.ch\/wp-content\/uploads\/2024\/03\/IMG-20240316-WA0007-1536x1152.jpg 1536w, https:\/\/sps-wila-turbenthal.ch\/wp-content\/uploads\/2024\/03\/IMG-20240316-WA0007.jpg 1600w\" sizes=\"auto, (max-width: 767px) 89vw, (max-width: 1000px) 54vw, (max-width: 1071px) 543px, 580px\" \/><\/figure>\n\n\n\n<figure class=\"wp-block-image size-full\"><img loading=\"lazy\" decoding=\"async\" width=\"883\" height=\"768\" data-id=\"366\" src=\"https:\/\/sps-wila-turbenthal.ch\/wp-content\/uploads\/2023\/10\/k1024_g50m-u13c-g-u15c-liegend-frei-moritz-raab-dunja-steiner-melyne-saillen.png\" alt=\"\" class=\"wp-image-366\" srcset=\"https:\/\/sps-wila-turbenthal.ch\/wp-content\/uploads\/2023\/10\/k1024_g50m-u13c-g-u15c-liegend-frei-moritz-raab-dunja-steiner-melyne-saillen.png 883w, https:\/\/sps-wila-turbenthal.ch\/wp-content\/uploads\/2023\/10\/k1024_g50m-u13c-g-u15c-liegend-frei-moritz-raab-dunja-steiner-melyne-saillen-300x261.png 300w, https:\/\/sps-wila-turbenthal.ch\/wp-content\/uploads\/2023\/10\/k1024_g50m-u13c-g-u15c-liegend-frei-moritz-raab-dunja-steiner-melyne-saillen-768x668.png 768w\" sizes=\"auto, (max-width: 767px) 89vw, (max-width: 1000px) 54vw, (max-width: 1071px) 543px, 580px\" \/><\/figure>\n\n\n\n<figure class=\"wp-block-image size-large\"><img loading=\"lazy\" decoding=\"async\" width=\"1024\" height=\"768\" data-id=\"259\" src=\"https:\/\/sps-wila-turbenthal.ch\/wp-content\/uploads\/2022\/09\/KAS-2-3-1024x768.jpg\" alt=\"\" class=\"wp-image-259\" srcset=\"https:\/\/sps-wila-turbenthal.ch\/wp-content\/uploads\/2022\/09\/KAS-2-3-1024x768.jpg 1024w, https:\/\/sps-wila-turbenthal.ch\/wp-content\/uploads\/2022\/09\/KAS-2-3-300x225.jpg 300w, https:\/\/sps-wila-turbenthal.ch\/wp-content\/uploads\/2022\/09\/KAS-2-3-768x576.jpg 768w, https:\/\/sps-wila-turbenthal.ch\/wp-content\/uploads\/2022\/09\/KAS-2-3.jpg 1353w\" sizes=\"auto, (max-width: 767px) 89vw, (max-width: 1000px) 54vw, (max-width: 1071px) 543px, 580px\" \/><\/figure>\n\n\n\n<figure class=\"wp-block-image size-large\"><img loading=\"lazy\" decoding=\"async\" width=\"768\" height=\"1024\" data-id=\"436\" src=\"https:\/\/sps-wila-turbenthal.ch\/wp-content\/uploads\/2024\/06\/IMG-20240623-WA0028-768x1024.jpg\" alt=\"\" class=\"wp-image-436\" srcset=\"https:\/\/sps-wila-turbenthal.ch\/wp-content\/uploads\/2024\/06\/IMG-20240623-WA0028-768x1024.jpg 768w, https:\/\/sps-wila-turbenthal.ch\/wp-content\/uploads\/2024\/06\/IMG-20240623-WA0028-225x300.jpg 225w, https:\/\/sps-wila-turbenthal.ch\/wp-content\/uploads\/2024\/06\/IMG-20240623-WA0028-1152x1536.jpg 1152w, https:\/\/sps-wila-turbenthal.ch\/wp-content\/uploads\/2024\/06\/IMG-20240623-WA0028.jpg 1536w\" sizes=\"auto, (max-width: 767px) 89vw, (max-width: 1000px) 54vw, (max-width: 1071px) 543px, 580px\" \/><\/figure>\n\n\n\n<figure class=\"wp-block-image size-large\"><img loading=\"lazy\" decoding=\"async\" width=\"1024\" height=\"1020\" data-id=\"261\" src=\"https:\/\/sps-wila-turbenthal.ch\/wp-content\/uploads\/2022\/09\/Medallienspiegel-1024x1020.jpg\" alt=\"\" class=\"wp-image-261\" srcset=\"https:\/\/sps-wila-turbenthal.ch\/wp-content\/uploads\/2022\/09\/Medallienspiegel-1024x1020.jpg 1024w, https:\/\/sps-wila-turbenthal.ch\/wp-content\/uploads\/2022\/09\/Medallienspiegel-300x300.jpg 300w, https:\/\/sps-wila-turbenthal.ch\/wp-content\/uploads\/2022\/09\/Medallienspiegel-150x150.jpg 150w, https:\/\/sps-wila-turbenthal.ch\/wp-content\/uploads\/2022\/09\/Medallienspiegel-768x765.jpg 768w, https:\/\/sps-wila-turbenthal.ch\/wp-content\/uploads\/2022\/09\/Medallienspiegel-100x100.jpg 100w, https:\/\/sps-wila-turbenthal.ch\/wp-content\/uploads\/2022\/09\/Medallienspiegel.jpg 1080w\" sizes=\"auto, (max-width: 767px) 89vw, (max-width: 1000px) 54vw, (max-width: 1071px) 543px, 580px\" \/><\/figure>\n<\/figure>\n\n\n\n<p>Unser Nachwuchskader trainiert jeweils am <strong>Montag und Donnerstag ab 18.30 Uhr<\/strong> das sportliche Schiessen in beiden Distanzen. Beim Kleinkaliberschiessen 50m sind sie an den Regionale sowie auch gr\u00f6sseren Anl\u00e4ssen immer mit dabei. Da zahlt sich das intensive Training aus und die Jugendlichen freuen sich \u00fcber die Medaillen..<\/p>\n\n\n\n<p>Wenn auch DU Interesse an einer aussergew\u00f6hnlichen Sportart hast, melde dich. Du kannst jederzeit (mit Voranmeldung) bei uns reinschnuppern..<\/p>\n\n\n\n<figure class=\"wp-block-gallery has-nested-images columns-default is-cropped wp-block-gallery-3 is-layout-flex wp-block-gallery-is-layout-flex\">\n<figure class=\"wp-block-image size-large\"><img loading=\"lazy\" decoding=\"async\" width=\"1024\" height=\"816\" data-id=\"438\" src=\"https:\/\/sps-wila-turbenthal.ch\/wp-content\/uploads\/2024\/06\/20240623_140013-1-1024x816.jpg\" alt=\"\" class=\"wp-image-438\" srcset=\"https:\/\/sps-wila-turbenthal.ch\/wp-content\/uploads\/2024\/06\/20240623_140013-1-1024x816.jpg 1024w, https:\/\/sps-wila-turbenthal.ch\/wp-content\/uploads\/2024\/06\/20240623_140013-1-300x239.jpg 300w, https:\/\/sps-wila-turbenthal.ch\/wp-content\/uploads\/2024\/06\/20240623_140013-1-768x612.jpg 768w, https:\/\/sps-wila-turbenthal.ch\/wp-content\/uploads\/2024\/06\/20240623_140013-1-1536x1224.jpg 1536w, https:\/\/sps-wila-turbenthal.ch\/wp-content\/uploads\/2024\/06\/20240623_140013-1-2048x1632.jpg 2048w\" sizes=\"auto, (max-width: 767px) 89vw, (max-width: 1000px) 54vw, (max-width: 1071px) 543px, 580px\" \/><\/figure>\n<\/figure>\n\n\n\n<p><\/p>\n","protected":false},"excerpt":{"rendered":"<p>Unser Nachwuchskader trainiert jeweils am Montag und Donnerstag ab 18.30 Uhr das sportliche Schiessen in beiden Distanzen. Beim Kleinkaliberschiessen 50m sind sie an den Regionale sowie auch gr\u00f6sseren Anl\u00e4ssen immer mit dabei. Da zahlt sich das intensive Training aus und die Jugendlichen freuen sich \u00fcber die Medaillen.. Wenn auch DU Interesse an einer aussergew\u00f6hnlichen Sportart &hellip; <\/p>\n<p class=\"link-more\"><a href=\"https:\/\/sps-wila-turbenthal.ch\/?page_id=97\" class=\"more-link\"><span class=\"screen-reader-text\">\u201eUnser Nachwuchs\u201c <\/span>weiterlesen<\/a><\/p>\n","protected":false},"author":1,"featured_media":0,"parent":0,"menu_order":0,"comment_status":"closed","ping_status":"closed","template":"","meta":{"footnotes":""},"class_list":["post-97","page","type-page","status-publish","hentry"],"jetpack_sharing_enabled":true,"_links":{"self":[{"href":"https:\/\/sps-wila-turbenthal.ch\/index.php?rest_route=\/wp\/v2\/pages\/97","targetHints":{"allow":["GET"]}}],"collection":[{"href":"https:\/\/sps-wila-turbenthal.ch\/index.php?rest_route=\/wp\/v2\/pages"}],"about":[{"href":"https:\/\/sps-wila-turbenthal.ch\/index.php?rest_route=\/wp\/v2\/types\/page"}],"author":[{"embeddable":true,"href":"https:\/\/sps-wila-turbenthal.ch\/index.php?rest_route=\/wp\/v2\/users\/1"}],"replies":[{"embeddable":true,"href":"https:\/\/sps-wila-turbenthal.ch\/index.php?rest_route=%2Fwp%2Fv2%2Fcomments&post=97"}],"version-history":[{"count":6,"href":"https:\/\/sps-wila-turbenthal.ch\/index.php?rest_route=\/wp\/v2\/pages\/97\/revisions"}],"predecessor-version":[{"id":548,"href":"https:\/\/sps-wila-turbenthal.ch\/index.php?rest_route=\/wp\/v2\/pages\/97\/revisions\/548"}],"wp:attachment":[{"href":"https:\/\/sps-wila-turbenthal.ch\/index.php?rest_route=%2Fwp%2Fv2%2Fmedia&parent=97"}],"curies":[{"name":"wp","href":"https:\/\/api.w.org\/{rel}","templated":true}]}}