{"id":89,"date":"2020-11-06T19:35:53","date_gmt":"2020-11-06T19:35:53","guid":{"rendered":"https:\/\/sps-wila-turbenthal.ch.genti.ch\/?page_id=89"},"modified":"2020-11-15T17:26:58","modified_gmt":"2020-11-15T17:26:58","slug":"unser-schuetzenhaus","status":"publish","type":"page","link":"https:\/\/sps-wila-turbenthal.ch\/?page_id=89","title":{"rendered":"Unser Sch\u00fctzenhaus"},"content":{"rendered":"\n<p>Unser Sch\u00fctzenhaus wurde 1986 gebaut. Jeweils am Mittwoch ist die Sch\u00fctzenstube ge\u00f6ffnet und wir werden von der Sch\u00fctzenstubenwirtin Bea Etter verw\u00f6hnt. <\/p>\n\n\n\n<p>Das Sch\u00fctzenhaus hat 8 elektronische SIUS Trefferanzeigen 50 m und 6 elektronische SIUS Trefferanzeigen 10m im oberen Stock.<\/p>\n\n\n\n<figure class=\"wp-block-gallery columns-2 is-cropped wp-block-gallery-1 is-layout-flex wp-block-gallery-is-layout-flex\"><ul class=\"blocks-gallery-grid\"><li class=\"blocks-gallery-item\"><figure><img loading=\"lazy\" decoding=\"async\" width=\"1024\" height=\"683\" src=\"https:\/\/sps-wila-turbenthal.ch\/wp-content\/uploads\/2020\/11\/IMG_1263-1024x683.jpg\" alt=\"\" data-id=\"90\" data-link=\"https:\/\/sps-wila-turbenthal.ch\/?attachment_id=90\" class=\"wp-image-90\" srcset=\"https:\/\/sps-wila-turbenthal.ch\/wp-content\/uploads\/2020\/11\/IMG_1263-1024x683.jpg 1024w, https:\/\/sps-wila-turbenthal.ch\/wp-content\/uploads\/2020\/11\/IMG_1263-300x200.jpg 300w, https:\/\/sps-wila-turbenthal.ch\/wp-content\/uploads\/2020\/11\/IMG_1263-768x512.jpg 768w, https:\/\/sps-wila-turbenthal.ch\/wp-content\/uploads\/2020\/11\/IMG_1263.jpg 1128w\" sizes=\"auto, (max-width: 767px) 89vw, (max-width: 1000px) 54vw, (max-width: 1071px) 543px, 580px\" \/><\/figure><\/li><li class=\"blocks-gallery-item\"><figure><img loading=\"lazy\" decoding=\"async\" width=\"683\" height=\"1024\" src=\"https:\/\/sps-wila-turbenthal.ch\/wp-content\/uploads\/2020\/11\/IMG_1264-683x1024.jpg\" alt=\"\" data-id=\"91\" data-full-url=\"https:\/\/sps-wila-turbenthal.ch\/wp-content\/uploads\/2020\/11\/IMG_1264.jpg\" data-link=\"https:\/\/sps-wila-turbenthal.ch\/?attachment_id=91\" class=\"wp-image-91\" srcset=\"https:\/\/sps-wila-turbenthal.ch\/wp-content\/uploads\/2020\/11\/IMG_1264-683x1024.jpg 683w, https:\/\/sps-wila-turbenthal.ch\/wp-content\/uploads\/2020\/11\/IMG_1264-200x300.jpg 200w, https:\/\/sps-wila-turbenthal.ch\/wp-content\/uploads\/2020\/11\/IMG_1264.jpg 752w\" sizes=\"auto, (max-width: 683px) 100vw, 683px\" \/><\/figure><\/li><\/ul><\/figure>\n\n\n\n<figure class=\"wp-block-gallery columns-0 is-cropped wp-block-gallery-2 is-layout-flex wp-block-gallery-is-layout-flex\"><ul class=\"blocks-gallery-grid\"><\/ul><\/figure>\n","protected":false},"excerpt":{"rendered":"<p>Unser Sch\u00fctzenhaus wurde 1986 gebaut. Jeweils am Mittwoch ist die Sch\u00fctzenstube ge\u00f6ffnet und wir werden von der Sch\u00fctzenstubenwirtin Bea Etter verw\u00f6hnt. Das Sch\u00fctzenhaus hat 8 elektronische SIUS Trefferanzeigen 50 m und 6 elektronische SIUS Trefferanzeigen 10m im oberen Stock.<\/p>\n","protected":false},"author":1,"featured_media":0,"parent":0,"menu_order":0,"comment_status":"closed","ping_status":"closed","template":"","meta":{"footnotes":""},"class_list":["post-89","page","type-page","status-publish","hentry"],"jetpack_sharing_enabled":true,"_links":{"self":[{"href":"https:\/\/sps-wila-turbenthal.ch\/index.php?rest_route=\/wp\/v2\/pages\/89","targetHints":{"allow":["GET"]}}],"collection":[{"href":"https:\/\/sps-wila-turbenthal.ch\/index.php?rest_route=\/wp\/v2\/pages"}],"about":[{"href":"https:\/\/sps-wila-turbenthal.ch\/index.php?rest_route=\/wp\/v2\/types\/page"}],"author":[{"embeddable":true,"href":"https:\/\/sps-wila-turbenthal.ch\/index.php?rest_route=\/wp\/v2\/users\/1"}],"replies":[{"embeddable":true,"href":"https:\/\/sps-wila-turbenthal.ch\/index.php?rest_route=%2Fwp%2Fv2%2Fcomments&post=89"}],"version-history":[{"count":2,"href":"https:\/\/sps-wila-turbenthal.ch\/index.php?rest_route=\/wp\/v2\/pages\/89\/revisions"}],"predecessor-version":[{"id":136,"href":"https:\/\/sps-wila-turbenthal.ch\/index.php?rest_route=\/wp\/v2\/pages\/89\/revisions\/136"}],"wp:attachment":[{"href":"https:\/\/sps-wila-turbenthal.ch\/index.php?rest_route=%2Fwp%2Fv2%2Fmedia&parent=89"}],"curies":[{"name":"wp","href":"https:\/\/api.w.org\/{rel}","templated":true}]}}