{"id":586,"date":"2025-08-25T05:20:23","date_gmt":"2025-08-25T05:20:23","guid":{"rendered":"https:\/\/sps-wila-turbenthal.ch\/?page_id=586"},"modified":"2025-09-20T17:43:05","modified_gmt":"2025-09-20T17:43:05","slug":"volksschiessen-kleinkaliber-50m","status":"publish","type":"page","link":"https:\/\/sps-wila-turbenthal.ch\/?page_id=586","title":{"rendered":"Volksschiessen Kleinkaliber 50m"},"content":{"rendered":"\n<p>Vielen Dank an Alle. Ihr belebt unser Sch\u00fctzenhaus immer wieder aufs Neue. <\/p>\n\n\n\n<div data-wp-interactive=\"core\/file\" class=\"wp-block-file\"><object data-wp-bind--hidden=\"!state.hasPdfPreview\" hidden class=\"wp-block-file__embed\" data=\"https:\/\/sps-wila-turbenthal.ch\/wp-content\/uploads\/2025\/09\/Einzelrangliste-10er-Stich-Alle_17.09.2025.pdf\" type=\"application\/pdf\" style=\"width:100%;height:600px\" aria-label=\"Einbettung von Einzelrangliste 10er Stich Alle_17.09.2025.\"><\/object><a id=\"wp-block-file--media-2c1e2715-b672-4444-911f-4123d08e6db6\" href=\"https:\/\/sps-wila-turbenthal.ch\/wp-content\/uploads\/2025\/09\/Einzelrangliste-10er-Stich-Alle_17.09.2025.pdf\">Einzelrangliste 10er Stich Alle_17.09.2025<\/a><a href=\"https:\/\/sps-wila-turbenthal.ch\/wp-content\/uploads\/2025\/09\/Einzelrangliste-10er-Stich-Alle_17.09.2025.pdf\" class=\"wp-block-file__button wp-element-button\" download aria-describedby=\"wp-block-file--media-2c1e2715-b672-4444-911f-4123d08e6db6\">Herunterladen<\/a><\/div>\n\n\n\n<p><\/p>\n\n\n\n<p>J\u00e4hrlich im September \u00f6ffnen wir unsere Sch\u00fctzenhaus T\u00fcre f\u00fcr die \u00d6ffentlichkeit. M\u00f6chten auch Sie unser geliebtes Hobby mal ausprobieren? Nutzen Sie die Gelegenheit, den faszinierenden Sport n\u00e4her kennenzulernen. <\/p>\n\n\n\n<figure class=\"wp-block-image size-large\"><img loading=\"lazy\" decoding=\"async\" width=\"722\" height=\"1024\" src=\"https:\/\/sps-wila-turbenthal.ch\/wp-content\/uploads\/2025\/08\/SPS_Flyer_A5_2025_Kleinkalibervolksschiessen-722x1024.jpg\" alt=\"\" class=\"wp-image-589\" srcset=\"https:\/\/sps-wila-turbenthal.ch\/wp-content\/uploads\/2025\/08\/SPS_Flyer_A5_2025_Kleinkalibervolksschiessen-722x1024.jpg 722w, https:\/\/sps-wila-turbenthal.ch\/wp-content\/uploads\/2025\/08\/SPS_Flyer_A5_2025_Kleinkalibervolksschiessen-211x300.jpg 211w, https:\/\/sps-wila-turbenthal.ch\/wp-content\/uploads\/2025\/08\/SPS_Flyer_A5_2025_Kleinkalibervolksschiessen-768x1090.jpg 768w, https:\/\/sps-wila-turbenthal.ch\/wp-content\/uploads\/2025\/08\/SPS_Flyer_A5_2025_Kleinkalibervolksschiessen-1083x1536.jpg 1083w, https:\/\/sps-wila-turbenthal.ch\/wp-content\/uploads\/2025\/08\/SPS_Flyer_A5_2025_Kleinkalibervolksschiessen-1444x2048.jpg 1444w, https:\/\/sps-wila-turbenthal.ch\/wp-content\/uploads\/2025\/08\/SPS_Flyer_A5_2025_Kleinkalibervolksschiessen.jpg 1748w\" sizes=\"auto, (max-width: 722px) 100vw, 722px\" \/><\/figure>\n\n\n\n<div data-wp-interactive=\"core\/file\" class=\"wp-block-file\"><object data-wp-bind--hidden=\"!state.hasPdfPreview\" hidden class=\"wp-block-file__embed\" data=\"https:\/\/sps-wila-turbenthal.ch\/wp-content\/uploads\/2025\/08\/Schiessplan-2025_converted.pdf\" type=\"application\/pdf\" style=\"width:100%;height:600px\" aria-label=\"Einbettung von Schiessplan 2025_converted.\"><\/object><a id=\"wp-block-file--media-4b850d0b-ed40-481c-ae23-3ddac653b52f\" href=\"https:\/\/sps-wila-turbenthal.ch\/wp-content\/uploads\/2025\/08\/Schiessplan-2025_converted.pdf\">Schiessplan 2025_converted<\/a><a href=\"https:\/\/sps-wila-turbenthal.ch\/wp-content\/uploads\/2025\/08\/Schiessplan-2025_converted.pdf\" class=\"wp-block-file__button wp-element-button\" download aria-describedby=\"wp-block-file--media-4b850d0b-ed40-481c-ae23-3ddac653b52f\">Herunterladen<\/a><\/div>\n","protected":false},"excerpt":{"rendered":"<p>Vielen Dank an Alle. Ihr belebt unser Sch\u00fctzenhaus immer wieder aufs Neue. J\u00e4hrlich im September \u00f6ffnen wir unsere Sch\u00fctzenhaus T\u00fcre f\u00fcr die \u00d6ffentlichkeit. M\u00f6chten auch Sie unser geliebtes Hobby mal ausprobieren? Nutzen Sie die Gelegenheit, den faszinierenden Sport n\u00e4her kennenzulernen.<\/p>\n","protected":false},"author":1,"featured_media":0,"parent":0,"menu_order":0,"comment_status":"closed","ping_status":"closed","template":"","meta":{"footnotes":""},"class_list":["post-586","page","type-page","status-publish","hentry"],"jetpack_sharing_enabled":true,"_links":{"self":[{"href":"https:\/\/sps-wila-turbenthal.ch\/index.php?rest_route=\/wp\/v2\/pages\/586","targetHints":{"allow":["GET"]}}],"collection":[{"href":"https:\/\/sps-wila-turbenthal.ch\/index.php?rest_route=\/wp\/v2\/pages"}],"about":[{"href":"https:\/\/sps-wila-turbenthal.ch\/index.php?rest_route=\/wp\/v2\/types\/page"}],"author":[{"embeddable":true,"href":"https:\/\/sps-wila-turbenthal.ch\/index.php?rest_route=\/wp\/v2\/users\/1"}],"replies":[{"embeddable":true,"href":"https:\/\/sps-wila-turbenthal.ch\/index.php?rest_route=%2Fwp%2Fv2%2Fcomments&post=586"}],"version-history":[{"count":6,"href":"https:\/\/sps-wila-turbenthal.ch\/index.php?rest_route=\/wp\/v2\/pages\/586\/revisions"}],"predecessor-version":[{"id":626,"href":"https:\/\/sps-wila-turbenthal.ch\/index.php?rest_route=\/wp\/v2\/pages\/586\/revisions\/626"}],"wp:attachment":[{"href":"https:\/\/sps-wila-turbenthal.ch\/index.php?rest_route=%2Fwp%2Fv2%2Fmedia&parent=586"}],"curies":[{"name":"wp","href":"https:\/\/api.w.org\/{rel}","templated":true}]}}