{"id":441,"date":"2024-07-16T15:00:45","date_gmt":"2024-07-16T15:00:45","guid":{"rendered":"https:\/\/sps-wila-turbenthal.ch\/?page_id=441"},"modified":"2024-11-12T20:30:07","modified_gmt":"2024-11-12T20:30:07","slug":"vorstand","status":"publish","type":"page","link":"https:\/\/sps-wila-turbenthal.ch\/?page_id=441","title":{"rendered":"Vorstand"},"content":{"rendered":"\n<h2 class=\"wp-block-heading\">Unser Vorstand<\/h2>\n\n\n\n<figure class=\"wp-block-table\"><table><tbody><tr><td><strong>Funktion<\/strong><\/td><td><strong>Name<\/strong><\/td><td><strong>Kontakt<\/strong><\/td><\/tr><tr><td>Pr\u00e4sident<\/td><td>Kevin Schoch<\/td><td>kevin-s91@hotmail.com<br>P: 076 382 99 98<\/td><\/tr><tr><td>Sch\u00fctzenmeister<\/td><td>Mario Ferrini<\/td><td>mario.ferrini@hotmail.ch<br>P: 079 672 47 59<\/td><\/tr><tr><td>Jungsch\u00fctzenleiter<br>Vize Pr\u00e4sident<\/td><td>Max Grob<\/td><td>max-grob@bluewin.ch<br>P: 079 429 20 21<\/td><\/tr><tr><td>Kassier \/ Volksschiessen<br><em>Sponsoring \/ Webmaster<\/em><\/td><td>Simona Ferrini<\/td><td>simona.ferrini@bluewin.ch<br>P: 078 895 93 93<\/td><\/tr><tr><td>Aktuarin<\/td><td>Esther Bachmann<\/td><td>e.bachmann68@gmail.com<br>P: 079 737 08 80<\/td><\/tr><tr><td>Sch\u00fctzenstubenwirtin<\/td><td>Bea Etter<\/td><td>family_etter@bluewin.ch<br>P: 076 460 76 51<\/td><\/tr><\/tbody><\/table><\/figure>\n\n\n\n<div data-wp-interactive=\"core\/file\" class=\"wp-block-file\"><object data-wp-bind--hidden=\"!state.hasPdfPreview\" hidden class=\"wp-block-file__embed\" data=\"https:\/\/sps-wila-turbenthal.ch\/wp-content\/uploads\/2024\/07\/x-Statuten_SpS_Wila-Turbenthal.pdf\" type=\"application\/pdf\" style=\"width:100%;height:600px\" aria-label=\"Einbettung von x Statuten_SpS_Wila-Turbenthal.\"><\/object><a id=\"wp-block-file--media-a214648c-7845-4abc-8315-c4217a18b780\" href=\"https:\/\/sps-wila-turbenthal.ch\/wp-content\/uploads\/2024\/07\/x-Statuten_SpS_Wila-Turbenthal.pdf\">x Statuten_SpS_Wila-Turbenthal<\/a><a href=\"https:\/\/sps-wila-turbenthal.ch\/wp-content\/uploads\/2024\/07\/x-Statuten_SpS_Wila-Turbenthal.pdf\" class=\"wp-block-file__button wp-element-button\" download aria-describedby=\"wp-block-file--media-a214648c-7845-4abc-8315-c4217a18b780\">Herunterladen<\/a><\/div>\n","protected":false},"excerpt":{"rendered":"<p>Unser Vorstand Funktion Name Kontakt Pr\u00e4sident Kevin Schoch kevin-s91@hotmail.comP: 076 382 99 98 Sch\u00fctzenmeister Mario Ferrini mario.ferrini@hotmail.chP: 079 672 47 59 Jungsch\u00fctzenleiterVize Pr\u00e4sident Max Grob max-grob@bluewin.chP: 079 429 20 21 Kassier \/ VolksschiessenSponsoring \/ Webmaster Simona Ferrini simona.ferrini@bluewin.chP: 078 895 93 93 Aktuarin Esther Bachmann e.bachmann68@gmail.comP: 079 737 08 80 Sch\u00fctzenstubenwirtin Bea Etter family_etter@bluewin.chP: 076 &hellip; <\/p>\n<p class=\"link-more\"><a href=\"https:\/\/sps-wila-turbenthal.ch\/?page_id=441\" class=\"more-link\"><span class=\"screen-reader-text\">\u201eVorstand\u201c <\/span>weiterlesen<\/a><\/p>\n","protected":false},"author":1,"featured_media":0,"parent":0,"menu_order":0,"comment_status":"closed","ping_status":"closed","template":"","meta":{"footnotes":""},"class_list":["post-441","page","type-page","status-publish","hentry"],"jetpack_sharing_enabled":true,"_links":{"self":[{"href":"https:\/\/sps-wila-turbenthal.ch\/index.php?rest_route=\/wp\/v2\/pages\/441","targetHints":{"allow":["GET"]}}],"collection":[{"href":"https:\/\/sps-wila-turbenthal.ch\/index.php?rest_route=\/wp\/v2\/pages"}],"about":[{"href":"https:\/\/sps-wila-turbenthal.ch\/index.php?rest_route=\/wp\/v2\/types\/page"}],"author":[{"embeddable":true,"href":"https:\/\/sps-wila-turbenthal.ch\/index.php?rest_route=\/wp\/v2\/users\/1"}],"replies":[{"embeddable":true,"href":"https:\/\/sps-wila-turbenthal.ch\/index.php?rest_route=%2Fwp%2Fv2%2Fcomments&post=441"}],"version-history":[{"count":4,"href":"https:\/\/sps-wila-turbenthal.ch\/index.php?rest_route=\/wp\/v2\/pages\/441\/revisions"}],"predecessor-version":[{"id":491,"href":"https:\/\/sps-wila-turbenthal.ch\/index.php?rest_route=\/wp\/v2\/pages\/441\/revisions\/491"}],"wp:attachment":[{"href":"https:\/\/sps-wila-turbenthal.ch\/index.php?rest_route=%2Fwp%2Fv2%2Fmedia&parent=441"}],"curies":[{"name":"wp","href":"https:\/\/api.w.org\/{rel}","templated":true}]}}