{"id":35,"date":"2020-11-06T18:02:33","date_gmt":"2020-11-06T18:02:33","guid":{"rendered":"https:\/\/sps-wila-turbenthal.ch.genti.ch\/?page_id=35"},"modified":"2026-01-18T15:55:54","modified_gmt":"2026-01-18T15:55:54","slug":"unsere-sponsoren","status":"publish","type":"page","link":"https:\/\/sps-wila-turbenthal.ch\/?page_id=35","title":{"rendered":"Unsere Sponsoren"},"content":{"rendered":"\n<p>Vielen Dank f\u00fcr eure wertvolle Unterst\u00fctzung! M\u00f6chtest auch du unser Verein unterst\u00fctzen, dann melde dich beim Vorstand<\/p>\n\n\n\n<figure class=\"wp-block-gallery has-nested-images columns-1 is-cropped wp-block-gallery-1 is-layout-flex wp-block-gallery-is-layout-flex\">\n<figure class=\"wp-block-image size-large\"><a href=\"http:\/\/www.agentur-nordstern.ch\" target=\"_blank\" rel=\" noreferrer noopener\"><img loading=\"lazy\" decoding=\"async\" width=\"1024\" height=\"261\" data-id=\"643\" src=\"https:\/\/sps-wila-turbenthal.ch\/wp-content\/uploads\/2026\/01\/nordstern_agentur_werbung_marketing_logo-1024x261.png\" alt=\"\" class=\"wp-image-643\" srcset=\"https:\/\/sps-wila-turbenthal.ch\/wp-content\/uploads\/2026\/01\/nordstern_agentur_werbung_marketing_logo-1024x261.png 1024w, https:\/\/sps-wila-turbenthal.ch\/wp-content\/uploads\/2026\/01\/nordstern_agentur_werbung_marketing_logo-300x77.png 300w, https:\/\/sps-wila-turbenthal.ch\/wp-content\/uploads\/2026\/01\/nordstern_agentur_werbung_marketing_logo-768x196.png 768w, https:\/\/sps-wila-turbenthal.ch\/wp-content\/uploads\/2026\/01\/nordstern_agentur_werbung_marketing_logo-1536x392.png 1536w, https:\/\/sps-wila-turbenthal.ch\/wp-content\/uploads\/2026\/01\/nordstern_agentur_werbung_marketing_logo.png 1915w\" sizes=\"auto, (max-width: 767px) 89vw, (max-width: 1000px) 54vw, (max-width: 1071px) 543px, 580px\" \/><\/a><\/figure>\n\n\n<div class=\"wp-block-image\">\n<figure class=\"aligncenter size-large\"><a href=\"http:\/\/www.kulltec.ch\" target=\"_blank\" rel=\" noreferrer noopener\"><img loading=\"lazy\" decoding=\"async\" width=\"1024\" height=\"722\" data-id=\"644\" src=\"https:\/\/sps-wila-turbenthal.ch\/wp-content\/uploads\/2026\/01\/Kull_Logo2D_2f_Adresse_ST-Kopie-1024x722.png\" alt=\"\" class=\"wp-image-644\" srcset=\"https:\/\/sps-wila-turbenthal.ch\/wp-content\/uploads\/2026\/01\/Kull_Logo2D_2f_Adresse_ST-Kopie-1024x722.png 1024w, https:\/\/sps-wila-turbenthal.ch\/wp-content\/uploads\/2026\/01\/Kull_Logo2D_2f_Adresse_ST-Kopie-300x211.png 300w, https:\/\/sps-wila-turbenthal.ch\/wp-content\/uploads\/2026\/01\/Kull_Logo2D_2f_Adresse_ST-Kopie-768x541.png 768w, https:\/\/sps-wila-turbenthal.ch\/wp-content\/uploads\/2026\/01\/Kull_Logo2D_2f_Adresse_ST-Kopie-1536x1083.png 1536w, https:\/\/sps-wila-turbenthal.ch\/wp-content\/uploads\/2026\/01\/Kull_Logo2D_2f_Adresse_ST-Kopie-2048x1444.png 2048w\" sizes=\"auto, (max-width: 767px) 89vw, (max-width: 1000px) 54vw, (max-width: 1071px) 543px, 580px\" \/><\/a><\/figure>\n<\/div>\n\n\n<figure class=\"wp-block-image size-large\"><a href=\"http:\/\/guntern-garten-gmbh.ch\" target=\"_blank\" rel=\" noreferrer noopener\"><img loading=\"lazy\" decoding=\"async\" width=\"556\" height=\"336\" data-id=\"60\" src=\"https:\/\/sps-wila-turbenthal.ch\/wp-content\/uploads\/2020\/11\/Logo-Quadratisch_impuls.jpg\" alt=\"\" class=\"wp-image-60\" srcset=\"https:\/\/sps-wila-turbenthal.ch\/wp-content\/uploads\/2020\/11\/Logo-Quadratisch_impuls.jpg 556w, https:\/\/sps-wila-turbenthal.ch\/wp-content\/uploads\/2020\/11\/Logo-Quadratisch_impuls-300x181.jpg 300w\" sizes=\"auto, (max-width: 556px) 100vw, 556px\" \/><\/a><\/figure>\n\n\n\n<figure class=\"wp-block-image size-large\"><a href=\"http:\/\/guntern-garten-gmbh.ch\" target=\"_blank\" rel=\" noreferrer noopener\"><img loading=\"lazy\" decoding=\"async\" width=\"221\" height=\"182\" data-id=\"65\" src=\"https:\/\/sps-wila-turbenthal.ch\/wp-content\/uploads\/2020\/11\/Logo-Guntern-1.jpg\" alt=\"\" class=\"wp-image-65\"\/><\/a><\/figure>\n\n\n\n<figure class=\"wp-block-image size-large\"><a href=\"http:\/\/www.bearded-butcher.ch\" target=\"_blank\" rel=\" noreferrer noopener\"><img loading=\"lazy\" decoding=\"async\" width=\"1024\" height=\"1024\" data-id=\"645\" src=\"https:\/\/sps-wila-turbenthal.ch\/wp-content\/uploads\/2026\/01\/The-Bearded-Butcher-1_Seite_1-1024x1024.jpg\" alt=\"\" class=\"wp-image-645\" srcset=\"https:\/\/sps-wila-turbenthal.ch\/wp-content\/uploads\/2026\/01\/The-Bearded-Butcher-1_Seite_1-1024x1024.jpg 1024w, https:\/\/sps-wila-turbenthal.ch\/wp-content\/uploads\/2026\/01\/The-Bearded-Butcher-1_Seite_1-300x300.jpg 300w, https:\/\/sps-wila-turbenthal.ch\/wp-content\/uploads\/2026\/01\/The-Bearded-Butcher-1_Seite_1-150x150.jpg 150w, https:\/\/sps-wila-turbenthal.ch\/wp-content\/uploads\/2026\/01\/The-Bearded-Butcher-1_Seite_1-768x768.jpg 768w, https:\/\/sps-wila-turbenthal.ch\/wp-content\/uploads\/2026\/01\/The-Bearded-Butcher-1_Seite_1-1536x1536.jpg 1536w, https:\/\/sps-wila-turbenthal.ch\/wp-content\/uploads\/2026\/01\/The-Bearded-Butcher-1_Seite_1-2048x2048.jpg 2048w, https:\/\/sps-wila-turbenthal.ch\/wp-content\/uploads\/2026\/01\/The-Bearded-Butcher-1_Seite_1-100x100.jpg 100w\" sizes=\"auto, (max-width: 767px) 89vw, (max-width: 1000px) 54vw, (max-width: 1071px) 543px, 580px\" \/><\/a><\/figure>\n\n\n\n<figure class=\"wp-block-image size-large\"><a href=\"http:\/\/www.garagekunz.ch\" target=\"_blank\" rel=\" noreferrer noopener\"><img loading=\"lazy\" decoding=\"async\" width=\"1024\" height=\"322\" data-id=\"642\" src=\"https:\/\/sps-wila-turbenthal.ch\/wp-content\/uploads\/2026\/01\/kunz-logo-2020-WEB-1024x322.jpg\" alt=\"\" class=\"wp-image-642\" srcset=\"https:\/\/sps-wila-turbenthal.ch\/wp-content\/uploads\/2026\/01\/kunz-logo-2020-WEB-1024x322.jpg 1024w, https:\/\/sps-wila-turbenthal.ch\/wp-content\/uploads\/2026\/01\/kunz-logo-2020-WEB-300x94.jpg 300w, https:\/\/sps-wila-turbenthal.ch\/wp-content\/uploads\/2026\/01\/kunz-logo-2020-WEB-768x241.jpg 768w, https:\/\/sps-wila-turbenthal.ch\/wp-content\/uploads\/2026\/01\/kunz-logo-2020-WEB.jpg 1378w\" sizes=\"auto, (max-width: 767px) 89vw, (max-width: 1000px) 54vw, (max-width: 1071px) 543px, 580px\" \/><\/a><\/figure>\n\n\n\n<figure class=\"wp-block-image size-large\"><a href=\"http:\/\/guntern-garten-gmbh.ch\" target=\"_blank\" rel=\" noreferrer noopener\"><img loading=\"lazy\" decoding=\"async\" width=\"1024\" height=\"259\" data-id=\"66\" src=\"https:\/\/sps-wila-turbenthal.ch\/wp-content\/uploads\/2020\/11\/auszeichnungen_ch_cmyk-1024x259.jpg\" alt=\"\" class=\"wp-image-66\" srcset=\"https:\/\/sps-wila-turbenthal.ch\/wp-content\/uploads\/2020\/11\/auszeichnungen_ch_cmyk-1024x259.jpg 1024w, https:\/\/sps-wila-turbenthal.ch\/wp-content\/uploads\/2020\/11\/auszeichnungen_ch_cmyk-300x76.jpg 300w, https:\/\/sps-wila-turbenthal.ch\/wp-content\/uploads\/2020\/11\/auszeichnungen_ch_cmyk-768x194.jpg 768w, https:\/\/sps-wila-turbenthal.ch\/wp-content\/uploads\/2020\/11\/auszeichnungen_ch_cmyk-1536x388.jpg 1536w, https:\/\/sps-wila-turbenthal.ch\/wp-content\/uploads\/2020\/11\/auszeichnungen_ch_cmyk.jpg 1855w\" sizes=\"auto, (max-width: 767px) 89vw, (max-width: 1000px) 54vw, (max-width: 1071px) 543px, 580px\" \/><\/a><\/figure>\n<\/figure>\n\n\n\n<p><\/p>\n","protected":false},"excerpt":{"rendered":"<p>Vielen Dank f\u00fcr eure wertvolle Unterst\u00fctzung! M\u00f6chtest auch du unser Verein unterst\u00fctzen, dann melde dich beim Vorstand<\/p>\n","protected":false},"author":1,"featured_media":52,"parent":0,"menu_order":0,"comment_status":"closed","ping_status":"closed","template":"","meta":{"footnotes":""},"class_list":["post-35","page","type-page","status-publish","has-post-thumbnail","hentry"],"jetpack_sharing_enabled":true,"_links":{"self":[{"href":"https:\/\/sps-wila-turbenthal.ch\/index.php?rest_route=\/wp\/v2\/pages\/35","targetHints":{"allow":["GET"]}}],"collection":[{"href":"https:\/\/sps-wila-turbenthal.ch\/index.php?rest_route=\/wp\/v2\/pages"}],"about":[{"href":"https:\/\/sps-wila-turbenthal.ch\/index.php?rest_route=\/wp\/v2\/types\/page"}],"author":[{"embeddable":true,"href":"https:\/\/sps-wila-turbenthal.ch\/index.php?rest_route=\/wp\/v2\/users\/1"}],"replies":[{"embeddable":true,"href":"https:\/\/sps-wila-turbenthal.ch\/index.php?rest_route=%2Fwp%2Fv2%2Fcomments&post=35"}],"version-history":[{"count":13,"href":"https:\/\/sps-wila-turbenthal.ch\/index.php?rest_route=\/wp\/v2\/pages\/35\/revisions"}],"predecessor-version":[{"id":650,"href":"https:\/\/sps-wila-turbenthal.ch\/index.php?rest_route=\/wp\/v2\/pages\/35\/revisions\/650"}],"wp:featuredmedia":[{"embeddable":true,"href":"https:\/\/sps-wila-turbenthal.ch\/index.php?rest_route=\/wp\/v2\/media\/52"}],"wp:attachment":[{"href":"https:\/\/sps-wila-turbenthal.ch\/index.php?rest_route=%2Fwp%2Fv2%2Fmedia&parent=35"}],"curies":[{"name":"wp","href":"https:\/\/api.w.org\/{rel}","templated":true}]}}